{"id":41289,"date":"2022-08-10T15:54:33","date_gmt":"2022-08-10T15:54:33","guid":{"rendered":"https:\/\/cesarom.ro\/produse\/"},"modified":"2022-09-30T13:27:32","modified_gmt":"2022-09-30T13:27:32","slug":"products","status":"publish","type":"page","link":"https:\/\/cesarom.ro\/en\/products\/","title":{"rendered":"Products"},"content":{"rendered":"<!-- <section class='section-calculator-1'>\r\n\t<div class='section-calculator-1-content'>\r\n\t\t<div class='calculator-placi-img'>\r\n\t\t\t<img decoding=\"async\" src=\"\/wp-content\/uploads\/2022\/08\/clip-1.jpg\" alt=\"\">\r\n\t\t<\/div>\r\n\t<\/div>\r\n<\/section> -->\r\n\r\n<section class='section-colectii-2 top-margin-control'>\r\n\t<div class='section-colectii-1-content facelifted'>\r\n        <div class='container px-5 mx-auto mb-10'>\r\n\t\t\t<h1>Product category<\/h1>\r\n            <p style='width:60%;'>We offer you a wide range of ceramic tiles produced both at our factory in Cluj-Napoca and in partner factories.<\/p>\r\n            <p style='width:60%;'>From porcelain floor tiles and wall tiles to special pieces, decorative elements, and mosaics, our products inspire and help you create a space you can enjoy every day.<\/p>\r\n            \r\n            <div class=\"secondary-collections-flex col-list\">\r\n\t\t\t\t\t\t\t\t\t\t\t\r\n\t\t\t\t\t\t\t\t\t\t\t\t<div class=\"secondary-collections-element products-cat-list \">\r\n\t\t\t\t\t\t<div class=\"secondary-collections-box\">\r\n\t\t\t\t\t\t\t<a href='\/en\/product-category-en\/porcelain-tiles' class='secondary-collections-image'>\r\n\t\t\t\t\t\t\t\t<img decoding=\"async\" src=\"https:\/\/cesarom.ro\/wp-content\/uploads\/2025\/06\/gresie-interior-exterior-featured.png\">\r\n\t\t\t\t\t\t\t<\/a>\r\n\t\t\t\t\t\t\t<div class='prod-cat-list-content'>\r\n\t\t\t\t\t\t\t\t<a href=\"\/en\/product-category-en\/porcelain-tiles\">Porcelain tiles<\/a>\r\n\t\t\t\t\t\t\t\t<p>Choose the right floor tiles for your home. Floor tiles are ceramic&#8230;<\/p>\r\n\t\t\t\t\t\t\t<\/div>\r\n\t\t\t\t\t\t<\/div>\t\r\n\t\t\t\t\t<\/div>\r\n\t\t\t\t\t\t\t\t\r\n\t\t\t\t\t\t\t\t\t\t\t\t<div class=\"secondary-collections-element products-cat-list small-column\">\r\n\t\t\t\t\t\t<div class=\"secondary-collections-box\">\r\n\t\t\t\t\t\t\t<a href='\/en\/product-category-en\/special-pieces' class='secondary-collections-image'>\r\n\t\t\t\t\t\t\t\t<img decoding=\"async\" src=\"https:\/\/cesarom.ro\/wp-content\/uploads\/2025\/06\/piese-speciale-listing.png\">\r\n\t\t\t\t\t\t\t<\/a>\r\n\t\t\t\t\t\t\t<div class='prod-cat-list-content'>\r\n\t\t\t\t\t\t\t\t<a href=\"\/en\/product-category-en\/special-pieces\">Special pieces<\/a>\r\n\t\t\t\t\t\t\t\t<p>The special pieces are the ceramic elements that help to finish the&#8230;<\/p>\r\n\t\t\t\t\t\t\t<\/div>\r\n\t\t\t\t\t\t<\/div>\t\r\n\t\t\t\t\t<\/div>\r\n\t\t\t\t\t\t\t\t\r\n\t\t\t\t\t\t\t\t\t\t\t\t<div class=\"secondary-collections-element products-cat-list small-column\">\r\n\t\t\t\t\t\t<div class=\"secondary-collections-box\">\r\n\t\t\t\t\t\t\t<a href='\/en\/product-category-en\/interior-tiles' class='secondary-collections-image'>\r\n\t\t\t\t\t\t\t\t<img decoding=\"async\" src=\"https:\/\/cesarom.ro\/wp-content\/uploads\/2025\/06\/gresie-interior-featured.png\">\r\n\t\t\t\t\t\t\t<\/a>\r\n\t\t\t\t\t\t\t<div class='prod-cat-list-content'>\r\n\t\t\t\t\t\t\t\t<a href=\"\/en\/product-category-en\/interior-tiles\">Interior tiles<\/a>\r\n\t\t\t\t\t\t\t\t<p>Choose the right floor tiles for your home. Floor tiles are ceramic&#8230;<\/p>\r\n\t\t\t\t\t\t\t<\/div>\r\n\t\t\t\t\t\t<\/div>\t\r\n\t\t\t\t\t<\/div>\r\n\t\t\t\t\t\t\t\t\r\n\t\t\t\t\t\t\t\t\t\t\t\t<div class=\"secondary-collections-element products-cat-list small-column\">\r\n\t\t\t\t\t\t<div class=\"secondary-collections-box\">\r\n\t\t\t\t\t\t\t<a href='\/en\/product-category-en\/wall-tiles' class='secondary-collections-image'>\r\n\t\t\t\t\t\t\t\t<img decoding=\"async\" src=\"https:\/\/cesarom.ro\/wp-content\/uploads\/2025\/06\/faianta-featured.png\">\r\n\t\t\t\t\t\t\t<\/a>\r\n\t\t\t\t\t\t\t<div class='prod-cat-list-content'>\r\n\t\t\t\t\t\t\t\t<a href=\"\/en\/product-category-en\/wall-tiles\">Wall Tiles<\/a>\r\n\t\t\t\t\t\t\t\t<p>We offer you a wide range of wall tiles with a matte&#8230;<\/p>\r\n\t\t\t\t\t\t\t<\/div>\r\n\t\t\t\t\t\t<\/div>\t\r\n\t\t\t\t\t<\/div>\r\n\t\t\t\t\t\t\t\t\r\n\t\t\t\t\t\t\t\t\t\t\t\t<div class=\"secondary-collections-element products-cat-list small-column\">\r\n\t\t\t\t\t\t<div class=\"secondary-collections-box\">\r\n\t\t\t\t\t\t\t<a href='\/en\/product-category-en\/mosaic' class='secondary-collections-image'>\r\n\t\t\t\t\t\t\t\t<img decoding=\"async\" src=\"https:\/\/cesarom.ro\/wp-content\/uploads\/2025\/06\/mozaic-featured.png\">\r\n\t\t\t\t\t\t\t<\/a>\r\n\t\t\t\t\t\t\t<div class='prod-cat-list-content'>\r\n\t\t\t\t\t\t\t\t<a href=\"\/en\/product-category-en\/mosaic\">Mosaic<\/a>\r\n\t\t\t\t\t\t\t\t<p>Due to their functional and aesthetic advantages, mosaics, known since ancient times,&#8230;<\/p>\r\n\t\t\t\t\t\t\t<\/div>\r\n\t\t\t\t\t\t<\/div>\t\r\n\t\t\t\t\t<\/div>\r\n\t\t\t\t\t\t\t\t\r\n\t\t\t\t\t\t\t\t\t\t\t\t<div class=\"secondary-collections-element products-cat-list small-column\">\r\n\t\t\t\t\t\t<div class=\"secondary-collections-box\">\r\n\t\t\t\t\t\t\t<a href='\/en\/product-category-en\/decors' class='secondary-collections-image'>\r\n\t\t\t\t\t\t\t\t<img decoding=\"async\" src=\"https:\/\/cesarom.ro\/wp-content\/uploads\/2025\/06\/decor-featured-1.png\">\r\n\t\t\t\t\t\t\t<\/a>\r\n\t\t\t\t\t\t\t<div class='prod-cat-list-content'>\r\n\t\t\t\t\t\t\t\t<a href=\"\/en\/product-category-en\/decors\">Decors<\/a>\r\n\t\t\t\t\t\t\t\t<p>With geometric or floral motifs, simple or sophisticated, or with accents of&#8230;<\/p>\r\n\t\t\t\t\t\t\t<\/div>\r\n\t\t\t\t\t\t<\/div>\t\r\n\t\t\t\t\t<\/div>\r\n\t\t\t\t\t\t\t\t\r\n\t\t\t\t\t\t<!-- <div class=\"secondary-collections-element products-cat-list small-column\">\r\n\t\t\t\t<div class=\"secondary-collections-box\">\r\n\t\t\t\t\t<div class=\"secondary-collections-image\">\r\n\t\t\t\t\t\t<img decoding=\"async\" src=\"\/wp-content\/uploads\/2022\/08\/tobidubi.jpg\">\r\n\t\t\t\t\t<\/div>\r\n\t\t\t\t\t<div class=\"prod-cat-list-content\">\r\n\t\t\t\t\t\t<h4><\/h4>\t\r\n\t\t\t\t\t\t<p><\/p>\r\n\t\t\t\t\t<\/div>\r\n\t\t\t\t<\/div>\t\r\n\t\t\t<\/div> -->\r\n        <\/div>\r\n\t\t<\/div>\r\n\t<\/div>\r\n<\/section>","protected":false},"excerpt":{"rendered":"","protected":false},"author":1,"featured_media":0,"parent":0,"menu_order":0,"comment_status":"closed","ping_status":"closed","template":"","meta":{"_acf_changed":false,"footnotes":""},"class_list":["post-41289","page","type-page","status-publish","hentry"],"acf":[],"yoast_head":"<!-- This site is optimized with the Yoast SEO Premium plugin v20.1 (Yoast SEO v24.1) - https:\/\/yoast.com\/wordpress\/plugins\/seo\/ -->\n<title>Gresie, Faian\u021b\u0103, Mozaic, Decor, Piese Speciale - Cesarom<\/title>\n<meta name=\"description\" content=\"Cesarom pune la dispozi\u021bia ta o gam\u0103 larg\u0103 de produse, de la gresie por\u021belanat\u0103 \u0219i faian\u021b\u0103, p\u00e2n\u0103 la piese speciale, decoruri \u0219i mozaicuri.\" \/>\n<meta name=\"robots\" content=\"index, follow, max-snippet:-1, max-image-preview:large, max-video-preview:-1\" \/>\n<link rel=\"canonical\" href=\"https:\/\/cesarom.ro\/en\/products\/\" \/>\n<meta property=\"og:locale\" content=\"en_US\" \/>\n<meta property=\"og:type\" content=\"article\" \/>\n<meta property=\"og:title\" content=\"Products\" \/>\n<meta property=\"og:description\" content=\"Cesarom pune la dispozi\u021bia ta o gam\u0103 larg\u0103 de produse, de la gresie por\u021belanat\u0103 \u0219i faian\u021b\u0103, p\u00e2n\u0103 la piese speciale, decoruri \u0219i mozaicuri.\" \/>\n<meta property=\"og:url\" content=\"https:\/\/cesarom.ro\/en\/products\/\" \/>\n<meta property=\"og:site_name\" content=\"Cesarom\" \/>\n<meta property=\"article:modified_time\" content=\"2022-09-30T13:27:32+00:00\" \/>\n<meta name=\"twitter:card\" content=\"summary_large_image\" \/>\n<script type=\"application\/ld+json\" class=\"yoast-schema-graph\">{\"@context\":\"https:\/\/schema.org\",\"@graph\":[{\"@type\":\"WebPage\",\"@id\":\"https:\/\/cesarom.ro\/en\/products\/\",\"url\":\"https:\/\/cesarom.ro\/en\/products\/\",\"name\":\"Gresie, Faian\u021b\u0103, Mozaic, Decor, Piese Speciale - Cesarom\",\"isPartOf\":{\"@id\":\"https:\/\/cesarom.ro\/#website\"},\"datePublished\":\"2022-08-10T15:54:33+00:00\",\"dateModified\":\"2022-09-30T13:27:32+00:00\",\"description\":\"Cesarom pune la dispozi\u021bia ta o gam\u0103 larg\u0103 de produse, de la gresie por\u021belanat\u0103 \u0219i faian\u021b\u0103, p\u00e2n\u0103 la piese speciale, decoruri \u0219i mozaicuri.\",\"breadcrumb\":{\"@id\":\"https:\/\/cesarom.ro\/en\/products\/#breadcrumb\"},\"inLanguage\":\"en-US\",\"potentialAction\":[{\"@type\":\"ReadAction\",\"target\":[\"https:\/\/cesarom.ro\/en\/products\/\"]}]},{\"@type\":\"BreadcrumbList\",\"@id\":\"https:\/\/cesarom.ro\/en\/products\/#breadcrumb\",\"itemListElement\":[{\"@type\":\"ListItem\",\"position\":1,\"name\":\"Home\",\"item\":\"https:\/\/cesarom.ro\/en\/\"},{\"@type\":\"ListItem\",\"position\":2,\"name\":\"Products\"}]},{\"@type\":\"WebSite\",\"@id\":\"https:\/\/cesarom.ro\/#website\",\"url\":\"https:\/\/cesarom.ro\/\",\"name\":\"Cesarom\",\"description\":\"Cesarom\",\"potentialAction\":[{\"@type\":\"SearchAction\",\"target\":{\"@type\":\"EntryPoint\",\"urlTemplate\":\"https:\/\/cesarom.ro\/?s={search_term_string}\"},\"query-input\":{\"@type\":\"PropertyValueSpecification\",\"valueRequired\":true,\"valueName\":\"search_term_string\"}}],\"inLanguage\":\"en-US\"}]}<\/script>\n<!-- \/ Yoast SEO Premium plugin. -->","yoast_head_json":{"title":"Gresie, Faian\u021b\u0103, Mozaic, Decor, Piese Speciale - Cesarom","description":"Cesarom pune la dispozi\u021bia ta o gam\u0103 larg\u0103 de produse, de la gresie por\u021belanat\u0103 \u0219i faian\u021b\u0103, p\u00e2n\u0103 la piese speciale, decoruri \u0219i mozaicuri.","robots":{"index":"index","follow":"follow","max-snippet":"max-snippet:-1","max-image-preview":"max-image-preview:large","max-video-preview":"max-video-preview:-1"},"canonical":"https:\/\/cesarom.ro\/en\/products\/","og_locale":"en_US","og_type":"article","og_title":"Products","og_description":"Cesarom pune la dispozi\u021bia ta o gam\u0103 larg\u0103 de produse, de la gresie por\u021belanat\u0103 \u0219i faian\u021b\u0103, p\u00e2n\u0103 la piese speciale, decoruri \u0219i mozaicuri.","og_url":"https:\/\/cesarom.ro\/en\/products\/","og_site_name":"Cesarom","article_modified_time":"2022-09-30T13:27:32+00:00","twitter_card":"summary_large_image","schema":{"@context":"https:\/\/schema.org","@graph":[{"@type":"WebPage","@id":"https:\/\/cesarom.ro\/en\/products\/","url":"https:\/\/cesarom.ro\/en\/products\/","name":"Gresie, Faian\u021b\u0103, Mozaic, Decor, Piese Speciale - Cesarom","isPartOf":{"@id":"https:\/\/cesarom.ro\/#website"},"datePublished":"2022-08-10T15:54:33+00:00","dateModified":"2022-09-30T13:27:32+00:00","description":"Cesarom pune la dispozi\u021bia ta o gam\u0103 larg\u0103 de produse, de la gresie por\u021belanat\u0103 \u0219i faian\u021b\u0103, p\u00e2n\u0103 la piese speciale, decoruri \u0219i mozaicuri.","breadcrumb":{"@id":"https:\/\/cesarom.ro\/en\/products\/#breadcrumb"},"inLanguage":"en-US","potentialAction":[{"@type":"ReadAction","target":["https:\/\/cesarom.ro\/en\/products\/"]}]},{"@type":"BreadcrumbList","@id":"https:\/\/cesarom.ro\/en\/products\/#breadcrumb","itemListElement":[{"@type":"ListItem","position":1,"name":"Home","item":"https:\/\/cesarom.ro\/en\/"},{"@type":"ListItem","position":2,"name":"Products"}]},{"@type":"WebSite","@id":"https:\/\/cesarom.ro\/#website","url":"https:\/\/cesarom.ro\/","name":"Cesarom","description":"Cesarom","potentialAction":[{"@type":"SearchAction","target":{"@type":"EntryPoint","urlTemplate":"https:\/\/cesarom.ro\/?s={search_term_string}"},"query-input":{"@type":"PropertyValueSpecification","valueRequired":true,"valueName":"search_term_string"}}],"inLanguage":"en-US"}]}},"_links":{"self":[{"href":"https:\/\/cesarom.ro\/en\/wp-json\/wp\/v2\/pages\/41289","targetHints":{"allow":["GET"]}}],"collection":[{"href":"https:\/\/cesarom.ro\/en\/wp-json\/wp\/v2\/pages"}],"about":[{"href":"https:\/\/cesarom.ro\/en\/wp-json\/wp\/v2\/types\/page"}],"author":[{"embeddable":true,"href":"https:\/\/cesarom.ro\/en\/wp-json\/wp\/v2\/users\/1"}],"replies":[{"embeddable":true,"href":"https:\/\/cesarom.ro\/en\/wp-json\/wp\/v2\/comments?post=41289"}],"version-history":[{"count":1,"href":"https:\/\/cesarom.ro\/en\/wp-json\/wp\/v2\/pages\/41289\/revisions"}],"predecessor-version":[{"id":41324,"href":"https:\/\/cesarom.ro\/en\/wp-json\/wp\/v2\/pages\/41289\/revisions\/41324"}],"wp:attachment":[{"href":"https:\/\/cesarom.ro\/en\/wp-json\/wp\/v2\/media?parent=41289"}],"curies":[{"name":"wp","href":"https:\/\/api.w.org\/{rel}","templated":true}]}}