{"id":41296,"date":"2022-07-28T12:42:30","date_gmt":"2022-07-28T12:42:30","guid":{"rendered":"https:\/\/cesarom.ro\/contact\/"},"modified":"2022-11-25T10:11:58","modified_gmt":"2022-11-25T10:11:58","slug":"contact","status":"publish","type":"page","link":"https:\/\/cesarom.ro\/en\/contact\/","title":{"rendered":"Contact"},"content":{"rendered":"<section class=\"mt-[202px]\">\n\t<div class=\"container px-5 mx-auto py-10  mt-[33px]\">\n\t\t<h1 class=\"font-regular text-xl sm:text-3xl lg:text-5xl mb-10\">\n\t\t\tContact CESAROM\t\t<\/h1>\n\t\t<h3 class=\"text-xl lg:text-2xl font-bold mb-5\">\n\t\t\tVisit our virtual <a style=\"color: blue;text-decoration: underline;font-weight: 400;\" href=\"\/tur-virtual\/\">CESAROM showroom<\/a>.\t\t<\/h3>\n\t\t<!--<p style=\"color:red; font-weight:bold;\">De 1 iunie, magazinele CESAROM sunt \u00eenchise.<\/p>-->\n\t<\/div>\n<\/section>\n<section class=\"mt-[33px]\">\n\t<div class='flexed-bnr'>\n\t\t<div class='flexed-left'>\n\t\t\t\t\t\t\t\t<img decoding=\"async\" class=\"pointer-events-none\" src=\"\/wp-content\/uploads\/2025\/06\/Cesarom-Showroom-108.jpg\" style='width: 100%;height: 100%;object-fit: cover;object-position: center center;'>\n\t\t\t\t\t\t\n\t\t\t\n\t\t<\/div>\n\t\t<div class='flexed-right'>\n\t\t\t<div class='virtual-box'>\n\t\t\t\t<div class='virtual-box-container'>\n\t\t\t\t\t<h2>Virtual showroom<\/h2>\n\t\t\t\t\t<div class='virtual-box-img'>\n\t\t\t\t\t\t<img decoding=\"async\" src=\"\/wp-content\/uploads\/2022\/11\/laptop.png\">\n\t\t\t\t\t<\/div>\n\t\t\t\t\t<div class='virtual-box-btn'>\n\t\t\t\t\t\t<a href=\"\/en\/virtual-tour\/\" target='_blank'>EXPLORE<\/a>\n\t\t\t\t\t<\/div>\n\t\t\t\t<\/div>\n\t\t\t<\/div>\n\t\t<\/div>\n\t<\/div>\n\t\n<\/section>\n\n<section>\n\t<div class=\"container px-5 mx-auto py-10  mt-[33px]\">\n\t\t<!--<p class=\"text-xl lg:text-2xl font-bold mb-5 mt-5\">< ?php _e('Holiday schedule: our showroom will be closed from December 20th, 2025 to January 7th, 2026.', 'tailpress-master');?><\/p>-->\n\t\t<!--<p>\n\t\t\tL-V : 08 : 00 \u2013 17 : 00\n\t\t<\/p>\n\t\t<p>\n\t\t\tS : 09 : 00 \u2013 14 : 00\n\t\t<\/p>-->\n \t\t<!--<h3 class=\"text-xl lg:text-2xl font-bold mb-5\">\u00cencep\u00e2nd cu 16.10.2023, programul de func\u021bionare va fi de la 9 :00 \u2013 17 :00 \u00een timpul s\u0103pt\u0103m\u00e2nii \u0219i de la 9 :00 \u2013 14 :00 s\u00e2mb\u0103ta.<\/h3>-->\n\t\t<!-- <h3 class=\"text-xl lg:text-2xl font-bold mb-5\">\u00cen perioada 17.07.2023 - 28.07.2023, magazinul din Cluj-Napoca o s\u0103 func\u021bioneze dup\u0103 un program special:<\/h3>\n\t\t\n\t\t<p>\/\/_e('Luni \u2013 Vineri: 08:00 \u2013 17:00', 'tailpress-master')<\/p>\n\t\t<p>\/\/_e('S\u00e2mb\u0103t\u0103: 09:00 \u2013 14:00', 'tailpress-master')<\/p>-->\n\n\t\t<!--<p class=\"text-xl lg:text-2xl font-bold mb-5\">\u00cen perioada 3 - 7 august 2023, magazinul din Cluj va avea urm\u0103torul program:<\/p>\n\t\t<p>J : 08:00 \u2013 17:00<\/p>\n\t\t<p>V : 08:00 \u2013 17:00<\/p>\n\t\t<p>S : 09:00 \u2013 14:00<\/p>\n\t\t<p>L: 08:00 \u2013 17:00<\/p>\n\t\t<br\/>-->\n\t\t<br\/>\n\t\t\t\t<br\/>\n\t\t<div class=\"grid md:grid-cols-2 sm:mb-20\">\n\t\t\t<div>\n\t\t\t\t<h3 class=\"text-xl lg:text-2xl font-bold mb-5\">\n\t\t\t\t\tCESAROM\u00ae Showroom Bucure\u0219ti\t\t\t\t<\/h3>\n\t\t\t\t<div class=\"wp-block-group program-showroom is-layout-constrained wp-block-group-is-layout-constrained\"><p>Mihai Bravu no. 12, 021326, Bucharest<\/p>\n\n<p>Fax.: <a href=\"tel:+40264415210\">+40 264 415 210<\/a><br\/>Mob.: <a href=\"tel:+40731900401\">+40 731 900 401<\/a><\/p><\/div><div class=\"wp-block-group program-showroom my-10 is-layout-constrained wp-block-group-is-layout-constrained\"><p>Monday &#8211; Friday: 09:00 &#8211; 19:00<\/p>\n\n<p>Saturday: 09:00 &#8211; 14:00<\/p>\n\n<p>Sunday: Closed<\/p><\/div><div class=\"wp-block-group program-showroom my-10 is-layout-constrained wp-block-group-is-layout-constrained\"><p>Between\u00a008.04.2026 \u2013 09.04.2026, the showroom will be open from 10:00 to 18:00.<\/p>\n\n<p>During 10.04.2026 &#8211; 13.04.2026, the showroom will be closed.<\/p><\/div><div class=\"wp-block-group program-showroom my-10 hidden is-layout-constrained wp-block-group-is-layout-constrained\"><p>\u00cen perioada 15.09.2025 &#8211; 19.09.2025, programul de func\u021bionare este urm\u0103torul:<\/p>\n\n<p>Luni \u2013 Vineri: 09:00 \u2013 17:00<br\/>S\u00e2mb\u0103t\u0103: 09:00 \u2013 14:00<br\/>Duminic\u0103: \u00cenchis<\/p><\/div><div class=\"wp-block-group program-showroom mail-showroom is-layout-constrained wp-block-group-is-layout-constrained\"><p><a href=\"mailto:showroom.bucuresti@ro.lasselsberger.com\">showroom.bucuresti@ro.lasselsberger.com<\/a><\/p><\/div><p><\/p>\t\t\t<\/div>\n\t\t\t<div>\n\t\t\t\t<h3 class=\"text-xl lg:text-2xl font-bold mb-5 mt-10 md:mt-0\">\n\t\t\t\t\tCESAROM\u00ae Centru Logistic Bucure\u0219ti\t\t\t\t<\/h3>\n\t\t\t\t<div class=\"wp-block-group program-showroom is-layout-constrained wp-block-group-is-layout-constrained\"><p>32 Prelungirea G\u0103rii C\u0103\u021belu Street, Cernica, 077035<\/p>\n\n<p>Tel.: <a href=\"tel:+40372746437\">+40 372 746 437<\/a><br>Mob.: <a href=\"tel:+40723330805\">+40 723 330 805<\/a><\/p><\/div><div class=\"wp-block-group program-showroom my-10 is-layout-constrained wp-block-group-is-layout-constrained\"><p>Monday &#8211; Friday: 09:00 &#8211; 17:00<\/p>\n\n<p>Saturday, Sunday: Closed<\/p><\/div><div class=\"wp-block-group program-showroom my-10 is-layout-constrained wp-block-group-is-layout-constrained\"><p><\/p><\/div><div class=\"wp-block-group program-showroom mail-showroom is-layout-constrained wp-block-group-is-layout-constrained\"><p><a href=\"mailto:Logistic.Bucuresti@ro.lasselsberger.com\">Logistic.Bucuresti@ro.lasselsberger.com<\/a><\/p><\/div>\t\t\t<\/div>\n\t\t<\/div>\n\t\t<div class=\"grid md:grid-cols-2\">\n\t\t\t<div>\n\t\t\t\t<h3 class=\"text-xl lg:text-2xl font-bold mb-5\">\n\t\t\t\t\tCESAROM\u00ae Showroom Cluj-Napoca\t\t\t\t\t\n\t\t\t\t<\/h3>\n\t\t\t\t<div class=\"wp-block-group program-showroom is-layout-constrained wp-block-group-is-layout-constrained\"><p>Str. Beiu\u0219ului nr 1B, 400394, Cluj-Napoca, jud. Cluj<\/p>\n\n<p>Mob.: <a href=\"tel:+40734336310\">+40 734 336 310<\/a><\/p><\/div><div class=\"wp-block-group program-showroom my-10 is-layout-constrained wp-block-group-is-layout-constrained\"><p>Luni \u2013 Vineri: 08:00 \u2013 19:00<\/p>\n\n<p>Saturday: 09:00 &#8211; 14:00<\/p>\n\n<p>Sunday: Closed<\/p><\/div><div class=\"wp-block-group program-showroom my-10 is-layout-constrained wp-block-group-is-layout-constrained\"><p>Between 06.04.2026 &#8211; 09.04.2026 and 14.04.2026 &#8211; 16.04.2026 the showroom will be open from 08:00 to 17:00.<\/p>\n\n<p>During 10.04.2026 &#8211; 13.04.2026, the showroom will be closed.<\/p><\/div><div class=\"wp-block-group program-showroom mail-showroom is-layout-constrained wp-block-group-is-layout-constrained\"><p><a href=\"mailto:showroom.cluj@ro.lasselsberger.com\">showroom.cluj@ro.lasselsberger.com<\/a><\/p><\/div><p><\/p>\t\t\t<\/div>\n\t\t\t<div>\n\t\t\t\t<h3 class=\"text-xl lg:text-2xl font-bold mb-5\">\n\t\t\t\t\tSANEX S.A.\t\t\t\t\t\n\t\t\t\t<\/h3>\n\t\t\t\t<div class=\"wp-block-group program-showroom is-layout-constrained wp-block-group-is-layout-constrained\"><p>364 Carierei Street, 407500, S\u0103ndule\u0219ti, Cluj County<\/p>\n\n<p>Tel.: <a href=\"tel:+40372640800\">+40 372 640 800<\/a><\/p><\/div><div class=\"wp-block-group program-showroom my-10 is-layout-constrained wp-block-group-is-layout-constrained\"><p>Monday \u2013 Friday: 08:00 \u2013 16:00<\/p>\n\n<p>Saturday, Sunday: Closed<\/p><\/div><div class=\"wp-block-group program-showroom my-10 is-layout-constrained wp-block-group-is-layout-constrained\"><p><\/p><\/div><div class=\"wp-block-group program-showroom mail-showroom is-layout-constrained wp-block-group-is-layout-constrained\"><p><a href=\"mailto:office@ro.lasselsberger.com\">office@ro.lasselsberger.com<\/a><\/p><\/div>\t\t\t<\/div>\n\t\t<\/div>\n\t<\/div>\n<\/section>\n\n\n<section>\n\t<div class=\"container px-5 mx-auto pb-20 mb-10 border-gray-300 border-b-2  mt-[120px]\">\n\t\t<!--<p class=\"text-xl lg:text-2xl font-bold mb-5\">\n\t\t\tThe store on Preciziei Street no. 1 in Bucharest is closed. We look forward to seeing you in our showroom on Mihai Bravu Boulevard 12\t\t<\/p>-->\n\t\t<h2 class=\"font-regular text-4xl sm:text-3xl lg:text-5xl mt-5 mb-10\">Contact<\/h2>\n\t\t\n<div class=\"wpcf7 no-js\" id=\"wpcf7-f41473-o1\" lang=\"en-US\" dir=\"ltr\" data-wpcf7-id=\"41473\">\n<div class=\"screen-reader-response\"><p role=\"status\" aria-live=\"polite\" aria-atomic=\"true\"><\/p> <ul><\/ul><\/div>\n<form action=\"\/en\/wp-json\/wp\/v2\/pages\/41296#wpcf7-f41473-o1\" method=\"post\" class=\"wpcf7-form init mailchimp-ext-0.5.72 wpcf7-acceptance-as-validation\" aria-label=\"Contact form\" novalidate=\"novalidate\" data-status=\"init\">\n<div style=\"display: none;\">\n<input type=\"hidden\" name=\"_wpcf7\" value=\"41473\" \/>\n<input type=\"hidden\" name=\"_wpcf7_version\" value=\"6.0.1\" \/>\n<input type=\"hidden\" name=\"_wpcf7_locale\" value=\"en_US\" \/>\n<input type=\"hidden\" name=\"_wpcf7_unit_tag\" value=\"wpcf7-f41473-o1\" \/>\n<input type=\"hidden\" name=\"_wpcf7_container_post\" value=\"0\" \/>\n<input type=\"hidden\" name=\"_wpcf7_posted_data_hash\" value=\"\" \/>\n<input type=\"hidden\" name=\"_wpcf7cf_hidden_group_fields\" value=\"[]\" \/>\n<input type=\"hidden\" name=\"_wpcf7cf_hidden_groups\" value=\"[]\" \/>\n<input type=\"hidden\" name=\"_wpcf7cf_visible_groups\" value=\"[]\" \/>\n<input type=\"hidden\" name=\"_wpcf7cf_repeaters\" value=\"[]\" \/>\n<input type=\"hidden\" name=\"_wpcf7cf_steps\" value=\"{}\" \/>\n<input type=\"hidden\" name=\"_wpcf7cf_options\" value=\"{&quot;form_id&quot;:41473,&quot;conditions&quot;:[],&quot;settings&quot;:{&quot;animation&quot;:&quot;yes&quot;,&quot;animation_intime&quot;:200,&quot;animation_outtime&quot;:200,&quot;conditions_ui&quot;:&quot;normal&quot;,&quot;notice_dismissed&quot;:false,&quot;notice_dismissed_update-cf7-5.7.4&quot;:true}}\" \/>\n<\/div>\n<div class=\"grid md:grid-cols-2 md:gap-10 two-element-grid lg:w-4\/6\">\n\t<div class=\"flex flex-col\">\n\t\t<p><span class=\"wpcf7-form-control-wrap\" data-name=\"your-name\"><input size=\"40\" maxlength=\"400\" class=\"wpcf7-form-control wpcf7-text wpcf7-validates-as-required\" aria-required=\"true\" aria-invalid=\"false\" placeholder=\"Name\" value=\"\" type=\"text\" name=\"your-name\" \/><\/span>\n\t\t<\/p>\n\t<\/div>\n\t<div class=\"flex flex-col\">\n\t\t<p><span class=\"wpcf7-form-control-wrap\" data-name=\"subiect\"><input size=\"40\" maxlength=\"400\" class=\"wpcf7-form-control wpcf7-text wpcf7-validates-as-required\" aria-required=\"true\" aria-invalid=\"false\" placeholder=\"Subject\" value=\"\" type=\"text\" name=\"subiect\" \/><\/span>\n\t\t<\/p>\n\t<\/div>\n<\/div>\n<div class=\"grid md:grid-cols-2 md:gap-10 two-element-grid lg:w-4\/6\">\n\t<div class=\"flex flex-col\">\n\t\t<p><span class=\"wpcf7-form-control-wrap\" data-name=\"your-email\"><input size=\"40\" maxlength=\"400\" class=\"wpcf7-form-control wpcf7-email wpcf7-validates-as-required wpcf7-text wpcf7-validates-as-email\" aria-required=\"true\" aria-invalid=\"false\" placeholder=\"Email\" value=\"\" type=\"email\" name=\"your-email\" \/><\/span>\n\t\t<\/p>\n\t<\/div>\n\t<div class=\"flex flex-col\">\n\t\t<p><span class=\"wpcf7-form-control-wrap\" data-name=\"nnume-companie\"><input size=\"40\" maxlength=\"400\" class=\"wpcf7-form-control wpcf7-text\" aria-invalid=\"false\" placeholder=\"company name (optional)\" value=\"\" type=\"text\" name=\"nnume-companie\" \/><\/span>\n\t\t<\/p>\n\t<\/div>\n<\/div>\n<div class=\"grid md:gap-10 two-element-grid lg:w-4\/6\">\n\t<p><span class=\"wpcf7-form-control-wrap\" data-name=\"your-message\"><textarea cols=\"40\" rows=\"3\" maxlength=\"2000\" class=\"wpcf7-form-control wpcf7-textarea\" aria-invalid=\"false\" placeholder=\"your message\" name=\"your-message\"><\/textarea><\/span>\n\t<\/p>\n<\/div>\n<div class=\"checkboxes\">\n\t<div class=\"text-sm my-2 acceptare lg:w-4\/6\">\n\t\t<p><span class=\"wpcf7-form-control-wrap\" data-name=\"acceptance-508\"><span class=\"wpcf7-form-control wpcf7-acceptance\"><span class=\"wpcf7-list-item\"><input type=\"checkbox\" name=\"acceptance-508\" value=\"1\" aria-invalid=\"false\" \/><\/span><\/span><\/span><span class=\"ml-5 font-semibold\">I agree to subscribe to the CESAROM\u00ae newsletter and agree to the processing of my data for marketing purposes (campaigns, promotions, discounts and news).<\/span>\n\t\t<\/p>\n\t<\/div>\n\t<div class=\"text-sm my-2 acceptare lg:w-4\/6\">\n\t\t<p><span class=\"wpcf7-form-control-wrap\" data-name=\"acceptance-504\"><span class=\"wpcf7-form-control wpcf7-acceptance\"><span class=\"wpcf7-list-item\"><input type=\"checkbox\" name=\"acceptance-504\" value=\"1\" aria-invalid=\"false\" \/><\/span><\/span><\/span><span class=\"ml-5 font-semibold\">I am over 16 years old and agree to the processing of data in accordance with the <a href=\"\/wp-content\/uploads\/2023\/11\/LASSELSBERGER-Privacy-policy-OCT2023-1.pdf\" style=\"text-decoration: underline;\">privacy policy implemented by LASSELSBERGER.<\/a><\/span>\n\t\t<\/p>\n\t<\/div>\n<\/div>\n<p><input class=\"wpcf7-form-control wpcf7-submit has-spinner\" type=\"submit\" value=\"SEND\" \/>\n<\/p><div class=\"wpcf7-response-output\" aria-hidden=\"true\"><\/div><p style=\"display: none !important\"><span class=\"wpcf7-form-control-wrap referer-page\"><input type=\"hidden\" name=\"referer-page\" value=\"http:\/\/Direct%20Visit\" data-value=\"http:\/\/Direct%20Visit\" class=\"wpcf7-form-control wpcf7-text referer-page\" aria-invalid=\"false\"><\/span><\/p>\n<!-- Chimpmatic extension by Renzo Johnson -->\n<\/form>\n<\/div>\n\t<\/div>\n<\/section>","protected":false},"excerpt":{"rendered":"","protected":false},"author":1,"featured_media":0,"parent":0,"menu_order":0,"comment_status":"closed","ping_status":"closed","template":"","meta":{"_acf_changed":false,"footnotes":""},"class_list":["post-41296","page","type-page","status-publish","hentry"],"acf":[],"yoast_head":"<!-- This site is optimized with the Yoast SEO Premium plugin v20.1 (Yoast SEO v24.1) - https:\/\/yoast.com\/wordpress\/plugins\/seo\/ -->\n<title>Contact Cesarom<\/title>\n<meta name=\"description\" content=\"CESAROM\u00ae Showroom Bucure\u0219ti | Soseaua Mihai Bravu 12, Sector 6| +40731 900 401CESAROM\u00ae Bucure\u0219ti | Blvd. Preciziei 1, Sector 6| +40372746437CESAROM\u00ae Cluj-Napoca | Str. Beiu\u0219ului 1\u00a0|\u00a0+40372\u00a0640878\" \/>\n<meta name=\"robots\" content=\"index, follow, max-snippet:-1, max-image-preview:large, max-video-preview:-1\" \/>\n<link rel=\"canonical\" href=\"https:\/\/cesarom.ro\/en\/contact\/\" \/>\n<meta property=\"og:locale\" content=\"en_US\" \/>\n<meta property=\"og:type\" content=\"article\" \/>\n<meta property=\"og:title\" content=\"Contact\" \/>\n<meta property=\"og:description\" content=\"CESAROM\u00ae Showroom Bucure\u0219ti | Soseaua Mihai Bravu 12, Sector 6| +40731 900 401CESAROM\u00ae Bucure\u0219ti | Blvd. Preciziei 1, Sector 6| +40372746437CESAROM\u00ae Cluj-Napoca | Str. Beiu\u0219ului 1\u00a0|\u00a0+40372\u00a0640878\" \/>\n<meta property=\"og:url\" content=\"https:\/\/cesarom.ro\/en\/contact\/\" \/>\n<meta property=\"og:site_name\" content=\"Cesarom\" \/>\n<meta property=\"article:modified_time\" content=\"2022-11-25T10:11:58+00:00\" \/>\n<meta name=\"twitter:card\" content=\"summary_large_image\" \/>\n<script type=\"application\/ld+json\" class=\"yoast-schema-graph\">{\"@context\":\"https:\/\/schema.org\",\"@graph\":[{\"@type\":\"WebPage\",\"@id\":\"https:\/\/cesarom.ro\/en\/contact\/\",\"url\":\"https:\/\/cesarom.ro\/en\/contact\/\",\"name\":\"Contact Cesarom\",\"isPartOf\":{\"@id\":\"https:\/\/cesarom.ro\/#website\"},\"datePublished\":\"2022-07-28T12:42:30+00:00\",\"dateModified\":\"2022-11-25T10:11:58+00:00\",\"description\":\"CESAROM\u00ae Showroom Bucure\u0219ti | Soseaua Mihai Bravu 12, Sector 6| +40731 900 401CESAROM\u00ae Bucure\u0219ti | Blvd. Preciziei 1, Sector 6| +40372746437CESAROM\u00ae Cluj-Napoca | Str. Beiu\u0219ului 1\u00a0|\u00a0+40372\u00a0640878\",\"breadcrumb\":{\"@id\":\"https:\/\/cesarom.ro\/en\/contact\/#breadcrumb\"},\"inLanguage\":\"en-US\",\"potentialAction\":[{\"@type\":\"ReadAction\",\"target\":[\"https:\/\/cesarom.ro\/en\/contact\/\"]}]},{\"@type\":\"BreadcrumbList\",\"@id\":\"https:\/\/cesarom.ro\/en\/contact\/#breadcrumb\",\"itemListElement\":[{\"@type\":\"ListItem\",\"position\":1,\"name\":\"Home\",\"item\":\"https:\/\/cesarom.ro\/en\/\"},{\"@type\":\"ListItem\",\"position\":2,\"name\":\"Contact\"}]},{\"@type\":\"WebSite\",\"@id\":\"https:\/\/cesarom.ro\/#website\",\"url\":\"https:\/\/cesarom.ro\/\",\"name\":\"Cesarom\",\"description\":\"Cesarom\",\"potentialAction\":[{\"@type\":\"SearchAction\",\"target\":{\"@type\":\"EntryPoint\",\"urlTemplate\":\"https:\/\/cesarom.ro\/?s={search_term_string}\"},\"query-input\":{\"@type\":\"PropertyValueSpecification\",\"valueRequired\":true,\"valueName\":\"search_term_string\"}}],\"inLanguage\":\"en-US\"}]}<\/script>\n<!-- \/ Yoast SEO Premium plugin. -->","yoast_head_json":{"title":"Contact Cesarom","description":"CESAROM\u00ae Showroom Bucure\u0219ti | Soseaua Mihai Bravu 12, Sector 6| +40731 900 401CESAROM\u00ae Bucure\u0219ti | Blvd. Preciziei 1, Sector 6| +40372746437CESAROM\u00ae Cluj-Napoca | Str. Beiu\u0219ului 1\u00a0|\u00a0+40372\u00a0640878","robots":{"index":"index","follow":"follow","max-snippet":"max-snippet:-1","max-image-preview":"max-image-preview:large","max-video-preview":"max-video-preview:-1"},"canonical":"https:\/\/cesarom.ro\/en\/contact\/","og_locale":"en_US","og_type":"article","og_title":"Contact","og_description":"CESAROM\u00ae Showroom Bucure\u0219ti | Soseaua Mihai Bravu 12, Sector 6| +40731 900 401CESAROM\u00ae Bucure\u0219ti | Blvd. Preciziei 1, Sector 6| +40372746437CESAROM\u00ae Cluj-Napoca | Str. Beiu\u0219ului 1\u00a0|\u00a0+40372\u00a0640878","og_url":"https:\/\/cesarom.ro\/en\/contact\/","og_site_name":"Cesarom","article_modified_time":"2022-11-25T10:11:58+00:00","twitter_card":"summary_large_image","schema":{"@context":"https:\/\/schema.org","@graph":[{"@type":"WebPage","@id":"https:\/\/cesarom.ro\/en\/contact\/","url":"https:\/\/cesarom.ro\/en\/contact\/","name":"Contact Cesarom","isPartOf":{"@id":"https:\/\/cesarom.ro\/#website"},"datePublished":"2022-07-28T12:42:30+00:00","dateModified":"2022-11-25T10:11:58+00:00","description":"CESAROM\u00ae Showroom Bucure\u0219ti | Soseaua Mihai Bravu 12, Sector 6| +40731 900 401CESAROM\u00ae Bucure\u0219ti | Blvd. Preciziei 1, Sector 6| +40372746437CESAROM\u00ae Cluj-Napoca | Str. Beiu\u0219ului 1\u00a0|\u00a0+40372\u00a0640878","breadcrumb":{"@id":"https:\/\/cesarom.ro\/en\/contact\/#breadcrumb"},"inLanguage":"en-US","potentialAction":[{"@type":"ReadAction","target":["https:\/\/cesarom.ro\/en\/contact\/"]}]},{"@type":"BreadcrumbList","@id":"https:\/\/cesarom.ro\/en\/contact\/#breadcrumb","itemListElement":[{"@type":"ListItem","position":1,"name":"Home","item":"https:\/\/cesarom.ro\/en\/"},{"@type":"ListItem","position":2,"name":"Contact"}]},{"@type":"WebSite","@id":"https:\/\/cesarom.ro\/#website","url":"https:\/\/cesarom.ro\/","name":"Cesarom","description":"Cesarom","potentialAction":[{"@type":"SearchAction","target":{"@type":"EntryPoint","urlTemplate":"https:\/\/cesarom.ro\/?s={search_term_string}"},"query-input":{"@type":"PropertyValueSpecification","valueRequired":true,"valueName":"search_term_string"}}],"inLanguage":"en-US"}]}},"_links":{"self":[{"href":"https:\/\/cesarom.ro\/en\/wp-json\/wp\/v2\/pages\/41296","targetHints":{"allow":["GET"]}}],"collection":[{"href":"https:\/\/cesarom.ro\/en\/wp-json\/wp\/v2\/pages"}],"about":[{"href":"https:\/\/cesarom.ro\/en\/wp-json\/wp\/v2\/types\/page"}],"author":[{"embeddable":true,"href":"https:\/\/cesarom.ro\/en\/wp-json\/wp\/v2\/users\/1"}],"replies":[{"embeddable":true,"href":"https:\/\/cesarom.ro\/en\/wp-json\/wp\/v2\/comments?post=41296"}],"version-history":[{"count":1,"href":"https:\/\/cesarom.ro\/en\/wp-json\/wp\/v2\/pages\/41296\/revisions"}],"predecessor-version":[{"id":42519,"href":"https:\/\/cesarom.ro\/en\/wp-json\/wp\/v2\/pages\/41296\/revisions\/42519"}],"wp:attachment":[{"href":"https:\/\/cesarom.ro\/en\/wp-json\/wp\/v2\/media?parent=41296"}],"curies":[{"name":"wp","href":"https:\/\/api.w.org\/{rel}","templated":true}]}}